{"id":35,"date":"2025-04-07T17:09:07","date_gmt":"2025-04-07T17:09:07","guid":{"rendered":"https:\/\/fundacionmizpa.org\/?page_id=35"},"modified":"2025-04-09T13:32:56","modified_gmt":"2025-04-09T13:32:56","slug":"mision-y-vision","status":"publish","type":"page","link":"https:\/\/fundacionmizpa.org\/index.php\/quienes-somos\/mision-y-vision\/","title":{"rendered":"Misi\u00f3n y Visi\u00f3n \u00a0"},"content":{"rendered":"\n<p class=\"has-text-align-center\">.<\/p>\n\n\n\n<div class=\"wp-block-columns is-layout-flex wp-container-core-columns-is-layout-9d6595d7 wp-block-columns-is-layout-flex\">\n<div class=\"wp-block-column is-layout-flow wp-block-column-is-layout-flow\" style=\"flex-basis:33.33%\">\n<p class=\"has-text-align-left\"><strong>Misi\u00f3n:<\/strong> Nuestra misi\u00f3n es: Realizar obra social dentro de la sociedad rural y urbana de manera integral y estar orientado a trabajar con ni\u00f1as, ni\u00f1os adolescentes y j\u00f3venes de escasos recursos econ\u00f3micos<\/p>\n\n\n\n<p><strong>Visi\u00f3n:<\/strong> La fundaci\u00f3n tiene la visi\u00f3n de: Ser una Fundaci\u00f3n comprometida y reconocida por toda la sociedad, con proyectos y programas de calidad, centrados en las ni\u00f1as, ni\u00f1os adolescentes y j\u00f3venes de escasos recursos del departamento de La Paz.<\/p>\n<\/div>\n\n\n\n<div class=\"wp-block-column is-layout-flow wp-block-column-is-layout-flow\" style=\"flex-basis:66.66%\">\n<figure class=\"wp-block-gallery has-nested-images columns-default is-cropped wp-block-gallery-1 is-layout-flex wp-block-gallery-is-layout-flex\">\n<figure class=\"wp-block-image size-large\"><img loading=\"lazy\" decoding=\"async\" width=\"500\" height=\"375\" data-id=\"247\" src=\"https:\/\/fundacionmizpa.org\/wp-content\/uploads\/2025\/04\/9-2.png\" alt=\"\" class=\"wp-image-247\" srcset=\"https:\/\/fundacionmizpa.org\/wp-content\/uploads\/2025\/04\/9-2.png 500w, https:\/\/fundacionmizpa.org\/wp-content\/uploads\/2025\/04\/9-2-300x225.png 300w\" sizes=\"auto, (max-width: 500px) 100vw, 500px\" \/><\/figure>\n\n\n\n<figure class=\"wp-block-image size-large\"><img loading=\"lazy\" decoding=\"async\" width=\"500\" height=\"375\" data-id=\"246\" src=\"https:\/\/fundacionmizpa.org\/wp-content\/uploads\/2025\/04\/10-2.png\" alt=\"\" class=\"wp-image-246\" srcset=\"https:\/\/fundacionmizpa.org\/wp-content\/uploads\/2025\/04\/10-2.png 500w, https:\/\/fundacionmizpa.org\/wp-content\/uploads\/2025\/04\/10-2-300x225.png 300w\" sizes=\"auto, (max-width: 500px) 100vw, 500px\" \/><\/figure>\n\n\n\n<figure class=\"wp-block-image size-large\"><img loading=\"lazy\" decoding=\"async\" width=\"500\" height=\"375\" data-id=\"248\" src=\"https:\/\/fundacionmizpa.org\/wp-content\/uploads\/2025\/04\/11-3.png\" alt=\"\" class=\"wp-image-248\" srcset=\"https:\/\/fundacionmizpa.org\/wp-content\/uploads\/2025\/04\/11-3.png 500w, https:\/\/fundacionmizpa.org\/wp-content\/uploads\/2025\/04\/11-3-300x225.png 300w\" sizes=\"auto, (max-width: 500px) 100vw, 500px\" \/><\/figure>\n\n\n\n<figure class=\"wp-block-image size-large\"><img loading=\"lazy\" decoding=\"async\" width=\"500\" height=\"375\" data-id=\"249\" src=\"https:\/\/fundacionmizpa.org\/wp-content\/uploads\/2025\/04\/12-3.png\" alt=\"\" class=\"wp-image-249\" srcset=\"https:\/\/fundacionmizpa.org\/wp-content\/uploads\/2025\/04\/12-3.png 500w, https:\/\/fundacionmizpa.org\/wp-content\/uploads\/2025\/04\/12-3-300x225.png 300w\" sizes=\"auto, (max-width: 500px) 100vw, 500px\" \/><\/figure>\n<\/figure>\n<\/div>\n<\/div>\n","protected":false},"excerpt":{"rendered":"<p>. Misi\u00f3n: Nuestra misi\u00f3n es: Realizar obra social dentro de la sociedad rural y urbana de manera integral y estar orientado a trabajar con ni\u00f1as, ni\u00f1os adolescentes y j\u00f3venes de escasos recursos econ\u00f3micos Visi\u00f3n: La fundaci\u00f3n tiene la visi\u00f3n de: Ser una Fundaci\u00f3n comprometida y reconocida por toda la sociedad, con proyectos y programas de [&hellip;]<\/p>\n","protected":false},"author":2,"featured_media":0,"parent":12,"menu_order":0,"comment_status":"closed","ping_status":"closed","template":"","meta":{"footnotes":""},"class_list":["post-35","page","type-page","status-publish","hentry","entry"],"_links":{"self":[{"href":"https:\/\/fundacionmizpa.org\/index.php\/wp-json\/wp\/v2\/pages\/35","targetHints":{"allow":["GET"]}}],"collection":[{"href":"https:\/\/fundacionmizpa.org\/index.php\/wp-json\/wp\/v2\/pages"}],"about":[{"href":"https:\/\/fundacionmizpa.org\/index.php\/wp-json\/wp\/v2\/types\/page"}],"author":[{"embeddable":true,"href":"https:\/\/fundacionmizpa.org\/index.php\/wp-json\/wp\/v2\/users\/2"}],"replies":[{"embeddable":true,"href":"https:\/\/fundacionmizpa.org\/index.php\/wp-json\/wp\/v2\/comments?post=35"}],"version-history":[{"count":8,"href":"https:\/\/fundacionmizpa.org\/index.php\/wp-json\/wp\/v2\/pages\/35\/revisions"}],"predecessor-version":[{"id":250,"href":"https:\/\/fundacionmizpa.org\/index.php\/wp-json\/wp\/v2\/pages\/35\/revisions\/250"}],"up":[{"embeddable":true,"href":"https:\/\/fundacionmizpa.org\/index.php\/wp-json\/wp\/v2\/pages\/12"}],"wp:attachment":[{"href":"https:\/\/fundacionmizpa.org\/index.php\/wp-json\/wp\/v2\/media?parent=35"}],"curies":[{"name":"wp","href":"https:\/\/api.w.org\/{rel}","templated":true}]}}