{"id":37,"date":"2025-04-07T17:09:51","date_gmt":"2025-04-07T17:09:51","guid":{"rendered":"https:\/\/fundacionmizpa.org\/?page_id=37"},"modified":"2025-04-09T14:04:27","modified_gmt":"2025-04-09T14:04:27","slug":"valores-institucionales","status":"publish","type":"page","link":"https:\/\/fundacionmizpa.org\/index.php\/quienes-somos\/valores-institucionales\/","title":{"rendered":"Valores institucionales"},"content":{"rendered":"\n<figure class=\"wp-block-gallery has-nested-images columns-default is-cropped wp-block-gallery-1 is-layout-flex wp-block-gallery-is-layout-flex\">\n<figure class=\"wp-block-image size-large\"><img loading=\"lazy\" decoding=\"async\" width=\"500\" height=\"375\" data-id=\"251\" src=\"https:\/\/fundacionmizpa.org\/wp-content\/uploads\/2025\/04\/11-4.png\" alt=\"\" class=\"wp-image-251\" srcset=\"https:\/\/fundacionmizpa.org\/wp-content\/uploads\/2025\/04\/11-4.png 500w, https:\/\/fundacionmizpa.org\/wp-content\/uploads\/2025\/04\/11-4-300x225.png 300w\" sizes=\"auto, (max-width: 500px) 100vw, 500px\" \/><\/figure>\n\n\n\n<figure class=\"wp-block-image size-large\"><img loading=\"lazy\" decoding=\"async\" width=\"500\" height=\"375\" data-id=\"254\" src=\"https:\/\/fundacionmizpa.org\/wp-content\/uploads\/2025\/04\/12-4.png\" alt=\"\" class=\"wp-image-254\" srcset=\"https:\/\/fundacionmizpa.org\/wp-content\/uploads\/2025\/04\/12-4.png 500w, https:\/\/fundacionmizpa.org\/wp-content\/uploads\/2025\/04\/12-4-300x225.png 300w\" sizes=\"auto, (max-width: 500px) 100vw, 500px\" \/><\/figure>\n\n\n\n<figure class=\"wp-block-image size-large\"><img loading=\"lazy\" decoding=\"async\" width=\"500\" height=\"250\" data-id=\"253\" src=\"https:\/\/fundacionmizpa.org\/wp-content\/uploads\/2025\/04\/13-1.png\" alt=\"\" class=\"wp-image-253\" srcset=\"https:\/\/fundacionmizpa.org\/wp-content\/uploads\/2025\/04\/13-1.png 500w, https:\/\/fundacionmizpa.org\/wp-content\/uploads\/2025\/04\/13-1-300x150.png 300w\" sizes=\"auto, (max-width: 500px) 100vw, 500px\" \/><\/figure>\n\n\n\n<figure class=\"wp-block-image size-large\"><img loading=\"lazy\" decoding=\"async\" width=\"500\" height=\"260\" data-id=\"252\" src=\"https:\/\/fundacionmizpa.org\/wp-content\/uploads\/2025\/04\/14-1.png\" alt=\"\" class=\"wp-image-252\" srcset=\"https:\/\/fundacionmizpa.org\/wp-content\/uploads\/2025\/04\/14-1.png 500w, https:\/\/fundacionmizpa.org\/wp-content\/uploads\/2025\/04\/14-1-300x156.png 300w\" sizes=\"auto, (max-width: 500px) 100vw, 500px\" \/><\/figure>\n<\/figure>\n\n\n\n<p><strong>Valores Institucionales. \u00b7 <\/strong>Nuestros valores institucionales proporcionan un marco operativo y tambi\u00e9n constituyen la base de nuestra visi\u00f3n y misi\u00f3n. Definen nuestro comportamiento con respecto al trabajo que desarrollaremos, nuestros valores son los siguientes:<\/p>\n\n\n\n<ul class=\"wp-block-list\">\n<li><strong>Compromiso. &#8211;<\/strong> Entendida como la capacidad de los individuos de la Fundaci\u00f3n para el logro de los Objetivos tanto dentro como fuera de la Fundaci\u00f3n.<\/li>\n\n\n\n<li><strong>Enfoque hol\u00edstico. &#8211;<\/strong> Propugnamos una concepci\u00f3n basada en la integraci\u00f3n total y global frente a la realidad social de ni\u00f1os, adolescentes, j\u00f3venes y adultos.<\/li>\n\n\n\n<li><strong>Esperanza. &#8211;<\/strong> Entendida como un estado de \u00e1nimo optimista basado en la expectativa de resultados favorables relacionados al mejoramiento de la calidad de vida de nuestros beneficiarios.<\/li>\n\n\n\n<li><strong>Compasi\u00f3n. &#8211;<\/strong> Entendida como la capacidad y aptitud de nuestros funcionarios en descubrir a las personas, sus necesidades y padecimientos, con una actitud permanente de servicio.<\/li>\n\n\n\n<li><strong>Excelencia. &#8211;<\/strong> Interpretada como la cualidad de lo que es extraordinariamente bueno y tambi\u00e9n de lo que excede las normas ordinarias, cualidad del servicio que ofrecemos.<\/li>\n\n\n\n<li><strong>Innovaci\u00f3n. &#8211;<\/strong> Se dice que de las ideas solo pueden resultar innovaciones luego de que ellas se implementan como nuevos productos, servicios o procedimientos, que&nbsp;&nbsp; realmente&nbsp;&nbsp; encuentran una aplicaci\u00f3n exitosa, imponi\u00e9ndose como ideas creativas que tiene el potencial para cambiar vidas<\/li>\n\n\n\n<li><strong>Integridad. &#8211; <\/strong>Comprendida como una cualidad de la persona que la faculta para tomar decisiones sobre su comportamiento por s\u00ed misma con responsabilidad y honestidad en todos los \u00e1mbitos.<\/li>\n\n\n\n<li><strong>Pasi\u00f3n. &#8211;<\/strong> Amamos lo que hacemos y ponemos el coraz\u00f3n y la mente en nuestro servicio para producir lo mejor.<\/li>\n\n\n\n<li><strong>Servicio. &#8211;<\/strong> Hacemos todo lo posible para lograr la excelencia cada d\u00eda que pasa. Deseamos servir a los dem\u00e1s y de satisfacer las necesidades de una manera oportuna, sensible, compasiva y solidaria.<\/li>\n\n\n\n<li><strong>Principios Fundamentales. &#8211;<\/strong> En cumplimiento de lo cualidad de lo que es extraordinariamente bueno y tambi\u00e9n de lo que excede las normas ordinarias, cualidad del servicio que ofrecemos.<\/li>\n<\/ul>\n\n\n\n<p><\/p>\n","protected":false},"excerpt":{"rendered":"<p>Valores Institucionales. \u00b7 Nuestros valores institucionales proporcionan un marco operativo y tambi\u00e9n constituyen la base de nuestra visi\u00f3n y misi\u00f3n. Definen nuestro comportamiento con respecto al trabajo que desarrollaremos, nuestros valores son los siguientes:<\/p>\n","protected":false},"author":2,"featured_media":0,"parent":12,"menu_order":0,"comment_status":"closed","ping_status":"closed","template":"","meta":{"footnotes":""},"class_list":["post-37","page","type-page","status-publish","hentry","entry"],"_links":{"self":[{"href":"https:\/\/fundacionmizpa.org\/index.php\/wp-json\/wp\/v2\/pages\/37","targetHints":{"allow":["GET"]}}],"collection":[{"href":"https:\/\/fundacionmizpa.org\/index.php\/wp-json\/wp\/v2\/pages"}],"about":[{"href":"https:\/\/fundacionmizpa.org\/index.php\/wp-json\/wp\/v2\/types\/page"}],"author":[{"embeddable":true,"href":"https:\/\/fundacionmizpa.org\/index.php\/wp-json\/wp\/v2\/users\/2"}],"replies":[{"embeddable":true,"href":"https:\/\/fundacionmizpa.org\/index.php\/wp-json\/wp\/v2\/comments?post=37"}],"version-history":[{"count":4,"href":"https:\/\/fundacionmizpa.org\/index.php\/wp-json\/wp\/v2\/pages\/37\/revisions"}],"predecessor-version":[{"id":255,"href":"https:\/\/fundacionmizpa.org\/index.php\/wp-json\/wp\/v2\/pages\/37\/revisions\/255"}],"up":[{"embeddable":true,"href":"https:\/\/fundacionmizpa.org\/index.php\/wp-json\/wp\/v2\/pages\/12"}],"wp:attachment":[{"href":"https:\/\/fundacionmizpa.org\/index.php\/wp-json\/wp\/v2\/media?parent=37"}],"curies":[{"name":"wp","href":"https:\/\/api.w.org\/{rel}","templated":true}]}}